{"id":74,"date":"2021-11-19T11:56:14","date_gmt":"2021-11-19T11:56:14","guid":{"rendered":"https:\/\/medicinamuncii.md\/?page_id=74"},"modified":"2026-01-17T14:00:53","modified_gmt":"2026-01-17T12:00:53","slug":"siguranta-muncii","status":"publish","type":"page","link":"https:\/\/medicinamuncii.md\/?page_id=74","title":{"rendered":"Servicii SSM"},"content":{"rendered":"<p><strong>Servicii \u00een domeniul SSM<\/strong><\/p>\n<p>Prin personalul nostru abilitat oferim, \u00een conformitate cu \u00a0prevederile Legii cu privire la securitatea \u0219i s\u0103n\u0103tatea \u00een munc\u0103 nr.186-XVI din 10.07.2008:<\/p>\n<p><strong>Consultan\u021b\u0103 \u00een domeniul SSM<\/strong><\/p>\n<ul>\n<li>Oferirea suportului pentru realizarea m\u0103surilor de protec\u021bie \u0219i prevenire dispuse de c\u0103tre inspectorii de munc\u0103 cu prilejul vizitelor de control \u00een unitate<\/li>\n<li>Oferirea consultan\u021bei \u00een domeniul cercet\u0103rii accidentelor de munc\u0103;<\/li>\n<li>Oferirea consultan\u021bei \u00een alte aspecte ce \u021bin de legisla\u021bia cu privire la SSM<\/li>\n<\/ul>\n<p><strong>Instruire (inclusiv la distan\u021b\u0103)\u00a0\u00a0\u00a0\u00a0\u00a0\u00a0\u00a0\u00a0\u00a0 <\/strong><\/p>\n<p>Organizare \u0219i desf\u0103\u0219urare a cursurilor de instruire \u00een domeniul:<\/p>\n<ul>\n<li>SSM Nivel I \u2013 Nivel II<\/li>\n<li>acord\u0103rii primului ajutor \u00een caz de accidentare \u00een munc\u0103<\/li>\n<li>stingerii incendiilor \u0219i evacuarea lucr\u0103torilor<\/li>\n<li>instruirea la I grup\u0103 de electrosecuritate pentru personalul neelectrotehnic;<\/li>\n<li>Instruirea introductiv-general\u0103 \u0219i instruirea la locul de munc\u0103 (inclusiv verificarea cunoa\u0219terii \u0219i aplic\u0103rii de c\u0103tre lucr\u0103tori a informa\u021biilor \u0219i instruc\u021biunilor de securitate \u0219i s\u0103n\u0103tate \u00een munc\u0103);<\/li>\n<\/ul>\n<p><strong>Elaborarea Dosarului de <\/strong><strong>Securitate \u0219i S\u0103n\u0103tate \u00een Munc\u0103<\/strong><\/p>\n<ul>\n<li>Stabilirea modului de organizare a activit\u0103\u021bilor de protec\u021bie a lucr\u0103torilor la locul de munc\u0103 \u0219i prevenire a riscurilor profesionale \u00een cadrul unit\u0103\u021bii.<\/li>\n<li>Evaluarea riscurilor profesionale pentru func\u021bii\/profesii;<\/li>\n<li>Elaborarea planului de protec\u021bie \u0219i prevenire<\/li>\n<li>Identificarea necesarului de materiale pentru informarea \u0219i instruirea lucr\u0103torilor \u00een domeniul securit\u0103\u021bii \u0219i s\u0103n\u0103t\u0103\u021bii \u00een munc\u0103: c\u0103r\u021bi, bro\u0219uri, ghiduri, afi\u0219e, filme etc.;<\/li>\n<li>Evaluarea st\u0103rii reale a condi\u021biilor de munc\u0103(Consiliere \u00een determinarea riscurilor profesionale si a investiga\u021biilor necesare corespunz\u0103toare fiec\u0103rui loc de munca \u00een parte\/m\u0103sur\u0103ri instrumentale speciale)<\/li>\n<li>\u00centocmirea planului de ac\u021biune \u00een caz de pericol grav \u0219i imediat<\/li>\n<li>Stabilirea \u0219i evidenta zonelor cu risc ridicat \u0219i specific<\/li>\n<li>Stabilirea zonelor care necesit\u0103 semnalizare de securitate \u0219i s\u0103n\u0103tate \u00een munc\u0103, precum \u0219i a tipului de semnalizare<\/li>\n<li>Stabilirea necesarului de dotare a lucr\u0103torilor cu echipament individual de protec\u021bie<\/li>\n<li>Stabilirea atribu\u021biilor \u0219i responsabilit\u0103\u021bilor \u00een domeniul securit\u0103\u021bii \u0219i s\u0103n\u0103t\u0103\u021bii \u00een munc\u0103 ce revin lucr\u0103torilor<\/li>\n<li>\u00centocmirea registrelor \u0219i rapoartelor prev\u0103zute de reglement\u0103rile privind securitatea \u0219i s\u0103n\u0103tatea \u00een munc\u0103<\/li>\n<li>Elaborarea regulamentului de func\u021bionare a Comitetului pentru securitate \u0219i s\u0103n\u0103tate \u00een munc\u0103 (dup\u0103 caz)<\/li>\n<li>Elaborarea instruc\u021biunilor de securitate \u0219i s\u0103n\u0103tate \u00een munc\u0103, \u021bin\u00e2nd seama de particularit\u0103\u021bile activit\u0103\u021bilor desf\u0103\u0219urate \u0219i ale locurilor de munc\u0103\/posturilor de lucru<\/li>\n<\/ul>\n<p><strong>Monitorizare<\/strong><\/p>\n<ul>\n<li>Monitorizarea instruirii periodice<\/li>\n<li>Monitorizarea instruirii \u00een domeniul SSM<\/li>\n<li>Monitorizarea realiz\u0103rii m\u0103surilor prev\u0103zute \u00een planul anual de protec\u021bie \u0219i prevenire<\/li>\n<li>Monitorizarea perioadelor de exploatare a echipamentelor individuale de protec\u021bie;<\/li>\n<li>Monitorizarea trecerii examin\u0103rilor medicale<\/li>\n<\/ul>\n<p><strong>\u00a0<\/strong><\/p>\n","protected":false},"excerpt":{"rendered":"<p>Servicii \u00een domeniul SSM Prin personalul nostru abilitat oferim, \u00een conformitate cu \u00a0prevederile Legii cu privire la securitatea \u0219i s\u0103n\u0103tatea \u00een munc\u0103 nr.186-XVI din 10.07.2008: Consultan\u021b\u0103 \u00een domeniul SSM Oferirea suportului pentru realizarea m\u0103surilor de protec\u021bie \u0219i prevenire dispuse de c\u0103tre inspectorii de munc\u0103 cu prilejul vizitelor de control \u00een unitate Oferirea consultan\u021bei \u00een domeniul &hellip;<br \/><a href=\"https:\/\/medicinamuncii.md\/?page_id=74\" class=\"more-link pen_button pen_element_default pen_icon_arrow_double\">Continu\u0103 lectura <span class=\"screen-reader-text\">Servicii SSM<\/span><\/a><\/p>\n","protected":false},"author":1,"featured_media":96,"parent":0,"menu_order":9,"comment_status":"closed","ping_status":"closed","template":"","meta":{"footnotes":""},"class_list":["post-74","page","type-page","status-publish","has-post-thumbnail","hentry"],"yoast_head":"<!-- This site is optimized with the Yoast SEO plugin v27.5 - https:\/\/yoast.com\/product\/yoast-seo-wordpress\/ -->\n<title>Servicii SSM - Medicina Muncii<\/title>\n<meta name=\"robots\" content=\"index, follow, max-snippet:-1, max-image-preview:large, max-video-preview:-1\" \/>\n<link rel=\"canonical\" href=\"https:\/\/medicinamuncii.md\/?page_id=74\" \/>\n<meta property=\"og:locale\" content=\"ro_RO\" \/>\n<meta property=\"og:type\" content=\"article\" \/>\n<meta property=\"og:title\" content=\"Servicii SSM - Medicina Muncii\" \/>\n<meta property=\"og:description\" content=\"Servicii \u00een domeniul SSM Prin personalul nostru abilitat oferim, \u00een conformitate cu \u00a0prevederile Legii cu privire la securitatea \u0219i s\u0103n\u0103tatea \u00een munc\u0103 nr.186-XVI din 10.07.2008: Consultan\u021b\u0103 \u00een domeniul SSM Oferirea suportului pentru realizarea m\u0103surilor de protec\u021bie \u0219i prevenire dispuse de c\u0103tre inspectorii de munc\u0103 cu prilejul vizitelor de control \u00een unitate Oferirea consultan\u021bei \u00een domeniul &hellip;Continu\u0103 lectura Servicii SSM\" \/>\n<meta property=\"og:url\" content=\"https:\/\/medicinamuncii.md\/?page_id=74\" \/>\n<meta property=\"og:site_name\" content=\"Medicina Muncii\" \/>\n<meta property=\"article:modified_time\" content=\"2026-01-17T12:00:53+00:00\" \/>\n<meta property=\"og:image\" content=\"https:\/\/medicinamuncii.md\/wp-content\/uploads\/2021\/11\/level-2-award-in-health-and-safety-in-the-workplace-1400-x-788-min.png\" \/>\n\t<meta property=\"og:image:width\" content=\"1400\" \/>\n\t<meta property=\"og:image:height\" content=\"788\" \/>\n\t<meta property=\"og:image:type\" content=\"image\/png\" \/>\n<meta name=\"twitter:card\" content=\"summary_large_image\" \/>\n<meta name=\"twitter:label1\" content=\"Timp estimat pentru citire\" \/>\n\t<meta name=\"twitter:data1\" content=\"3 minute\" \/>\n<script type=\"application\/ld+json\" class=\"yoast-schema-graph\">{\"@context\":\"https:\\\/\\\/schema.org\",\"@graph\":[{\"@type\":\"WebPage\",\"@id\":\"https:\\\/\\\/medicinamuncii.md\\\/?page_id=74\",\"url\":\"https:\\\/\\\/medicinamuncii.md\\\/?page_id=74\",\"name\":\"Servicii SSM - Medicina Muncii\",\"isPartOf\":{\"@id\":\"https:\\\/\\\/medicinamuncii.md\\\/#website\"},\"primaryImageOfPage\":{\"@id\":\"https:\\\/\\\/medicinamuncii.md\\\/?page_id=74#primaryimage\"},\"image\":{\"@id\":\"https:\\\/\\\/medicinamuncii.md\\\/?page_id=74#primaryimage\"},\"thumbnailUrl\":\"https:\\\/\\\/medicinamuncii.md\\\/wp-content\\\/uploads\\\/2021\\\/11\\\/level-2-award-in-health-and-safety-in-the-workplace-1400-x-788-min.png\",\"datePublished\":\"2021-11-19T11:56:14+00:00\",\"dateModified\":\"2026-01-17T12:00:53+00:00\",\"breadcrumb\":{\"@id\":\"https:\\\/\\\/medicinamuncii.md\\\/?page_id=74#breadcrumb\"},\"inLanguage\":\"ro-RO\",\"potentialAction\":[{\"@type\":\"ReadAction\",\"target\":[\"https:\\\/\\\/medicinamuncii.md\\\/?page_id=74\"]}]},{\"@type\":\"ImageObject\",\"inLanguage\":\"ro-RO\",\"@id\":\"https:\\\/\\\/medicinamuncii.md\\\/?page_id=74#primaryimage\",\"url\":\"https:\\\/\\\/medicinamuncii.md\\\/wp-content\\\/uploads\\\/2021\\\/11\\\/level-2-award-in-health-and-safety-in-the-workplace-1400-x-788-min.png\",\"contentUrl\":\"https:\\\/\\\/medicinamuncii.md\\\/wp-content\\\/uploads\\\/2021\\\/11\\\/level-2-award-in-health-and-safety-in-the-workplace-1400-x-788-min.png\",\"width\":1400,\"height\":788},{\"@type\":\"BreadcrumbList\",\"@id\":\"https:\\\/\\\/medicinamuncii.md\\\/?page_id=74#breadcrumb\",\"itemListElement\":[{\"@type\":\"ListItem\",\"position\":1,\"name\":\"Prima pagin\u0103\",\"item\":\"https:\\\/\\\/medicinamuncii.md\\\/\"},{\"@type\":\"ListItem\",\"position\":2,\"name\":\"Servicii SSM\"}]},{\"@type\":\"WebSite\",\"@id\":\"https:\\\/\\\/medicinamuncii.md\\\/#website\",\"url\":\"https:\\\/\\\/medicinamuncii.md\\\/\",\"name\":\"Medicina Muncii\",\"description\":\"Fiecare este responsabil pentru siguran\u021ba la locul de munc\u0103 ... chiar \u0219i tu!\",\"potentialAction\":[{\"@type\":\"SearchAction\",\"target\":{\"@type\":\"EntryPoint\",\"urlTemplate\":\"https:\\\/\\\/medicinamuncii.md\\\/?s={search_term_string}\"},\"query-input\":{\"@type\":\"PropertyValueSpecification\",\"valueRequired\":true,\"valueName\":\"search_term_string\"}}],\"inLanguage\":\"ro-RO\"}]}<\/script>\n<!-- \/ Yoast SEO plugin. -->","yoast_head_json":{"title":"Servicii SSM - Medicina Muncii","robots":{"index":"index","follow":"follow","max-snippet":"max-snippet:-1","max-image-preview":"max-image-preview:large","max-video-preview":"max-video-preview:-1"},"canonical":"https:\/\/medicinamuncii.md\/?page_id=74","og_locale":"ro_RO","og_type":"article","og_title":"Servicii SSM - Medicina Muncii","og_description":"Servicii \u00een domeniul SSM Prin personalul nostru abilitat oferim, \u00een conformitate cu \u00a0prevederile Legii cu privire la securitatea \u0219i s\u0103n\u0103tatea \u00een munc\u0103 nr.186-XVI din 10.07.2008: Consultan\u021b\u0103 \u00een domeniul SSM Oferirea suportului pentru realizarea m\u0103surilor de protec\u021bie \u0219i prevenire dispuse de c\u0103tre inspectorii de munc\u0103 cu prilejul vizitelor de control \u00een unitate Oferirea consultan\u021bei \u00een domeniul &hellip;Continu\u0103 lectura Servicii SSM","og_url":"https:\/\/medicinamuncii.md\/?page_id=74","og_site_name":"Medicina Muncii","article_modified_time":"2026-01-17T12:00:53+00:00","og_image":[{"width":1400,"height":788,"url":"https:\/\/medicinamuncii.md\/wp-content\/uploads\/2021\/11\/level-2-award-in-health-and-safety-in-the-workplace-1400-x-788-min.png","type":"image\/png"}],"twitter_card":"summary_large_image","twitter_misc":{"Timp estimat pentru citire":"3 minute"},"schema":{"@context":"https:\/\/schema.org","@graph":[{"@type":"WebPage","@id":"https:\/\/medicinamuncii.md\/?page_id=74","url":"https:\/\/medicinamuncii.md\/?page_id=74","name":"Servicii SSM - Medicina Muncii","isPartOf":{"@id":"https:\/\/medicinamuncii.md\/#website"},"primaryImageOfPage":{"@id":"https:\/\/medicinamuncii.md\/?page_id=74#primaryimage"},"image":{"@id":"https:\/\/medicinamuncii.md\/?page_id=74#primaryimage"},"thumbnailUrl":"https:\/\/medicinamuncii.md\/wp-content\/uploads\/2021\/11\/level-2-award-in-health-and-safety-in-the-workplace-1400-x-788-min.png","datePublished":"2021-11-19T11:56:14+00:00","dateModified":"2026-01-17T12:00:53+00:00","breadcrumb":{"@id":"https:\/\/medicinamuncii.md\/?page_id=74#breadcrumb"},"inLanguage":"ro-RO","potentialAction":[{"@type":"ReadAction","target":["https:\/\/medicinamuncii.md\/?page_id=74"]}]},{"@type":"ImageObject","inLanguage":"ro-RO","@id":"https:\/\/medicinamuncii.md\/?page_id=74#primaryimage","url":"https:\/\/medicinamuncii.md\/wp-content\/uploads\/2021\/11\/level-2-award-in-health-and-safety-in-the-workplace-1400-x-788-min.png","contentUrl":"https:\/\/medicinamuncii.md\/wp-content\/uploads\/2021\/11\/level-2-award-in-health-and-safety-in-the-workplace-1400-x-788-min.png","width":1400,"height":788},{"@type":"BreadcrumbList","@id":"https:\/\/medicinamuncii.md\/?page_id=74#breadcrumb","itemListElement":[{"@type":"ListItem","position":1,"name":"Prima pagin\u0103","item":"https:\/\/medicinamuncii.md\/"},{"@type":"ListItem","position":2,"name":"Servicii SSM"}]},{"@type":"WebSite","@id":"https:\/\/medicinamuncii.md\/#website","url":"https:\/\/medicinamuncii.md\/","name":"Medicina Muncii","description":"Fiecare este responsabil pentru siguran\u021ba la locul de munc\u0103 ... chiar \u0219i tu!","potentialAction":[{"@type":"SearchAction","target":{"@type":"EntryPoint","urlTemplate":"https:\/\/medicinamuncii.md\/?s={search_term_string}"},"query-input":{"@type":"PropertyValueSpecification","valueRequired":true,"valueName":"search_term_string"}}],"inLanguage":"ro-RO"}]}},"jetpack_sharing_enabled":true,"_links":{"self":[{"href":"https:\/\/medicinamuncii.md\/index.php?rest_route=\/wp\/v2\/pages\/74","targetHints":{"allow":["GET"]}}],"collection":[{"href":"https:\/\/medicinamuncii.md\/index.php?rest_route=\/wp\/v2\/pages"}],"about":[{"href":"https:\/\/medicinamuncii.md\/index.php?rest_route=\/wp\/v2\/types\/page"}],"author":[{"embeddable":true,"href":"https:\/\/medicinamuncii.md\/index.php?rest_route=\/wp\/v2\/users\/1"}],"replies":[{"embeddable":true,"href":"https:\/\/medicinamuncii.md\/index.php?rest_route=%2Fwp%2Fv2%2Fcomments&post=74"}],"version-history":[{"count":5,"href":"https:\/\/medicinamuncii.md\/index.php?rest_route=\/wp\/v2\/pages\/74\/revisions"}],"predecessor-version":[{"id":143,"href":"https:\/\/medicinamuncii.md\/index.php?rest_route=\/wp\/v2\/pages\/74\/revisions\/143"}],"wp:featuredmedia":[{"embeddable":true,"href":"https:\/\/medicinamuncii.md\/index.php?rest_route=\/wp\/v2\/media\/96"}],"wp:attachment":[{"href":"https:\/\/medicinamuncii.md\/index.php?rest_route=%2Fwp%2Fv2%2Fmedia&parent=74"}],"curies":[{"name":"wp","href":"https:\/\/api.w.org\/{rel}","templated":true}]}}