{"id":73,"date":"2021-11-19T11:56:14","date_gmt":"2021-11-19T11:56:14","guid":{"rendered":"https:\/\/medicinamuncii.md\/?page_id=73"},"modified":"2021-11-19T12:45:50","modified_gmt":"2021-11-19T12:45:50","slug":"medicina-muncii","status":"publish","type":"page","link":"https:\/\/medicinamuncii.md\/?page_id=73","title":{"rendered":"Medicina Muncii"},"content":{"rendered":"<p>Medicina ocupa\u021bional\u0103 este specialitatea medical\u0103 care studiaz\u0103 rela\u021bia om-munc\u0103, adaptarea omului la munc\u0103 \u0219i adaptarea muncii la persoana care o efectueaz\u0103. Se ocup\u0103 cu preven\u021bia, diagnosticarea \u0219i managementul bolilor profesionale \u0219i a celor legate de profesiune, precum \u0219i cu promovarea s\u0103n\u0103t\u0103\u021bii \u0219i productivit\u0103\u021bii muncitorilor.<\/p>\n<p>Obiectivele medicinii ocupa\u021bionale:<\/p>\n<ul>\n<li>promovarea \u0219i men\u021binerea la nivel cel mai \u00eenalt al bunei st\u0103ri fizice, mentale \u0219i sociale a muncitorului din toate profesiile;<\/li>\n<li>prevenirea apari\u021biei devierilor de la starea de s\u0103n\u0103tate a muncitorilor, din cauza condi\u021biilor de munc\u0103 \u0219i protec\u021bia lui \u00een profesiunea sa fa\u021b\u0103 de riscurile care ar surveni din factori nocivi;<\/li>\n<li>plasarea \u0219i men\u021binerea muncitorului \u00eentr-un mediu de munc\u0103 adaptat la posibilit\u0103\u021bile sale fiziologice \u0219i psihologice.<\/li>\n<\/ul>\n<p>Cel mai important factor care determin\u0103 buna desf\u0103\u0219urare a activit\u0103\u021bii \u00a0unei companii este reprezentat de angaja\u021bii s\u0103i. \u00cens\u0103, pentru ca angaja\u021bii s\u0103 \u00ee\u0219i poat\u0103 desf\u0103\u0219ura activitatea \u0219i s\u0103 \u00ee\u0219i \u00eendeplineasc\u0103 sarcinile, starea de s\u0103n\u0103tate \u0219i siguran\u021b\u0103 a acestora sunt elemente vitale. Printr-un consult periodic eficient si prin luarea m\u0103surilor pentru prevenirea \u00eemboln\u0103virilor legate de profesie, angaja\u021bii se vor afl\u0103 \u00een siguran\u021b\u0103, \u00ee\u0219i vor men\u021bine starea de s\u0103n\u0103tate \u0219i \u00ee\u0219i vor putea \u00eendeplini cu succes \u0219i motiva\u021bie atribu\u021biile profesionale.<\/p>\n<p><em>\u201e<\/em><em>Medicina muncii<\/em><em>\u201d v\u0103 pune la dispozi\u021bie clinica medical\u0103 autorizat\u0103 pentru efectuarea examin\u0103rilor medicale a angaja\u021bilor, la angajare \u0219i periodic, corespunz\u0103toare factorilor de risc<\/em>.<\/p>\n<p>&nbsp;<\/p>\n","protected":false},"excerpt":{"rendered":"<p>Medicina ocupa\u021bional\u0103 este specialitatea medical\u0103 care studiaz\u0103 rela\u021bia om-munc\u0103, adaptarea omului la munc\u0103 \u0219i adaptarea muncii la persoana care o efectueaz\u0103. Se ocup\u0103 cu preven\u021bia, diagnosticarea \u0219i managementul bolilor profesionale \u0219i a celor legate de profesiune, precum \u0219i cu promovarea s\u0103n\u0103t\u0103\u021bii \u0219i productivit\u0103\u021bii muncitorilor. Obiectivele medicinii ocupa\u021bionale: promovarea \u0219i men\u021binerea la nivel cel mai \u00eenalt &hellip;<br \/><a href=\"https:\/\/medicinamuncii.md\/?page_id=73\" class=\"more-link pen_button pen_element_default pen_icon_arrow_double\">Continu\u0103 lectura <span class=\"screen-reader-text\">Medicina Muncii<\/span><\/a><\/p>\n","protected":false},"author":1,"featured_media":48,"parent":7,"menu_order":0,"comment_status":"closed","ping_status":"closed","template":"templates\/template-frontpage.php","meta":{"footnotes":""},"class_list":["post-73","page","type-page","status-publish","has-post-thumbnail","hentry"],"yoast_head":"<!-- This site is optimized with the Yoast SEO plugin v27.5 - https:\/\/yoast.com\/product\/yoast-seo-wordpress\/ -->\n<title>Medicina Muncii - Medicina Muncii<\/title>\n<meta name=\"robots\" content=\"index, follow, max-snippet:-1, max-image-preview:large, max-video-preview:-1\" \/>\n<link rel=\"canonical\" href=\"https:\/\/medicinamuncii.md\/?page_id=73\" \/>\n<meta property=\"og:locale\" content=\"ro_RO\" \/>\n<meta property=\"og:type\" content=\"article\" \/>\n<meta property=\"og:title\" content=\"Medicina Muncii - Medicina Muncii\" \/>\n<meta property=\"og:description\" content=\"Medicina ocupa\u021bional\u0103 este specialitatea medical\u0103 care studiaz\u0103 rela\u021bia om-munc\u0103, adaptarea omului la munc\u0103 \u0219i adaptarea muncii la persoana care o efectueaz\u0103. Se ocup\u0103 cu preven\u021bia, diagnosticarea \u0219i managementul bolilor profesionale \u0219i a celor legate de profesiune, precum \u0219i cu promovarea s\u0103n\u0103t\u0103\u021bii \u0219i productivit\u0103\u021bii muncitorilor. Obiectivele medicinii ocupa\u021bionale: promovarea \u0219i men\u021binerea la nivel cel mai \u00eenalt &hellip;Continu\u0103 lectura Medicina Muncii\" \/>\n<meta property=\"og:url\" content=\"https:\/\/medicinamuncii.md\/?page_id=73\" \/>\n<meta property=\"og:site_name\" content=\"Medicina Muncii\" \/>\n<meta property=\"article:modified_time\" content=\"2021-11-19T12:45:50+00:00\" \/>\n<meta property=\"og:image\" content=\"https:\/\/medicinamuncii.md\/wp-content\/uploads\/2021\/11\/medicina.jpg\" \/>\n\t<meta property=\"og:image:width\" content=\"223\" \/>\n\t<meta property=\"og:image:height\" content=\"226\" \/>\n\t<meta property=\"og:image:type\" content=\"image\/jpeg\" \/>\n<meta name=\"twitter:card\" content=\"summary_large_image\" \/>\n<meta name=\"twitter:label1\" content=\"Timp estimat pentru citire\" \/>\n\t<meta name=\"twitter:data1\" content=\"1 minut\" \/>\n<script type=\"application\/ld+json\" class=\"yoast-schema-graph\">{\"@context\":\"https:\\\/\\\/schema.org\",\"@graph\":[{\"@type\":\"WebPage\",\"@id\":\"https:\\\/\\\/medicinamuncii.md\\\/?page_id=73\",\"url\":\"https:\\\/\\\/medicinamuncii.md\\\/?page_id=73\",\"name\":\"Medicina Muncii - Medicina Muncii\",\"isPartOf\":{\"@id\":\"https:\\\/\\\/medicinamuncii.md\\\/#website\"},\"primaryImageOfPage\":{\"@id\":\"https:\\\/\\\/medicinamuncii.md\\\/?page_id=73#primaryimage\"},\"image\":{\"@id\":\"https:\\\/\\\/medicinamuncii.md\\\/?page_id=73#primaryimage\"},\"thumbnailUrl\":\"https:\\\/\\\/medicinamuncii.md\\\/wp-content\\\/uploads\\\/2021\\\/11\\\/medicina.jpg\",\"datePublished\":\"2021-11-19T11:56:14+00:00\",\"dateModified\":\"2021-11-19T12:45:50+00:00\",\"breadcrumb\":{\"@id\":\"https:\\\/\\\/medicinamuncii.md\\\/?page_id=73#breadcrumb\"},\"inLanguage\":\"ro-RO\",\"potentialAction\":[{\"@type\":\"ReadAction\",\"target\":[\"https:\\\/\\\/medicinamuncii.md\\\/?page_id=73\"]}]},{\"@type\":\"ImageObject\",\"inLanguage\":\"ro-RO\",\"@id\":\"https:\\\/\\\/medicinamuncii.md\\\/?page_id=73#primaryimage\",\"url\":\"https:\\\/\\\/medicinamuncii.md\\\/wp-content\\\/uploads\\\/2021\\\/11\\\/medicina.jpg\",\"contentUrl\":\"https:\\\/\\\/medicinamuncii.md\\\/wp-content\\\/uploads\\\/2021\\\/11\\\/medicina.jpg\",\"width\":223,\"height\":226},{\"@type\":\"BreadcrumbList\",\"@id\":\"https:\\\/\\\/medicinamuncii.md\\\/?page_id=73#breadcrumb\",\"itemListElement\":[{\"@type\":\"ListItem\",\"position\":1,\"name\":\"Prima pagin\u0103\",\"item\":\"https:\\\/\\\/medicinamuncii.md\\\/\"},{\"@type\":\"ListItem\",\"position\":2,\"name\":\"Medicina Muncii\",\"item\":\"https:\\\/\\\/medicinamuncii.md\\\/?page_id=7\"},{\"@type\":\"ListItem\",\"position\":3,\"name\":\"Medicina Muncii\"}]},{\"@type\":\"WebSite\",\"@id\":\"https:\\\/\\\/medicinamuncii.md\\\/#website\",\"url\":\"https:\\\/\\\/medicinamuncii.md\\\/\",\"name\":\"Medicina Muncii\",\"description\":\"Fiecare este responsabil pentru siguran\u021ba la locul de munc\u0103 ... chiar \u0219i tu!\",\"potentialAction\":[{\"@type\":\"SearchAction\",\"target\":{\"@type\":\"EntryPoint\",\"urlTemplate\":\"https:\\\/\\\/medicinamuncii.md\\\/?s={search_term_string}\"},\"query-input\":{\"@type\":\"PropertyValueSpecification\",\"valueRequired\":true,\"valueName\":\"search_term_string\"}}],\"inLanguage\":\"ro-RO\"}]}<\/script>\n<!-- \/ Yoast SEO plugin. -->","yoast_head_json":{"title":"Medicina Muncii - Medicina Muncii","robots":{"index":"index","follow":"follow","max-snippet":"max-snippet:-1","max-image-preview":"max-image-preview:large","max-video-preview":"max-video-preview:-1"},"canonical":"https:\/\/medicinamuncii.md\/?page_id=73","og_locale":"ro_RO","og_type":"article","og_title":"Medicina Muncii - Medicina Muncii","og_description":"Medicina ocupa\u021bional\u0103 este specialitatea medical\u0103 care studiaz\u0103 rela\u021bia om-munc\u0103, adaptarea omului la munc\u0103 \u0219i adaptarea muncii la persoana care o efectueaz\u0103. Se ocup\u0103 cu preven\u021bia, diagnosticarea \u0219i managementul bolilor profesionale \u0219i a celor legate de profesiune, precum \u0219i cu promovarea s\u0103n\u0103t\u0103\u021bii \u0219i productivit\u0103\u021bii muncitorilor. Obiectivele medicinii ocupa\u021bionale: promovarea \u0219i men\u021binerea la nivel cel mai \u00eenalt &hellip;Continu\u0103 lectura Medicina Muncii","og_url":"https:\/\/medicinamuncii.md\/?page_id=73","og_site_name":"Medicina Muncii","article_modified_time":"2021-11-19T12:45:50+00:00","og_image":[{"width":223,"height":226,"url":"https:\/\/medicinamuncii.md\/wp-content\/uploads\/2021\/11\/medicina.jpg","type":"image\/jpeg"}],"twitter_card":"summary_large_image","twitter_misc":{"Timp estimat pentru citire":"1 minut"},"schema":{"@context":"https:\/\/schema.org","@graph":[{"@type":"WebPage","@id":"https:\/\/medicinamuncii.md\/?page_id=73","url":"https:\/\/medicinamuncii.md\/?page_id=73","name":"Medicina Muncii - Medicina Muncii","isPartOf":{"@id":"https:\/\/medicinamuncii.md\/#website"},"primaryImageOfPage":{"@id":"https:\/\/medicinamuncii.md\/?page_id=73#primaryimage"},"image":{"@id":"https:\/\/medicinamuncii.md\/?page_id=73#primaryimage"},"thumbnailUrl":"https:\/\/medicinamuncii.md\/wp-content\/uploads\/2021\/11\/medicina.jpg","datePublished":"2021-11-19T11:56:14+00:00","dateModified":"2021-11-19T12:45:50+00:00","breadcrumb":{"@id":"https:\/\/medicinamuncii.md\/?page_id=73#breadcrumb"},"inLanguage":"ro-RO","potentialAction":[{"@type":"ReadAction","target":["https:\/\/medicinamuncii.md\/?page_id=73"]}]},{"@type":"ImageObject","inLanguage":"ro-RO","@id":"https:\/\/medicinamuncii.md\/?page_id=73#primaryimage","url":"https:\/\/medicinamuncii.md\/wp-content\/uploads\/2021\/11\/medicina.jpg","contentUrl":"https:\/\/medicinamuncii.md\/wp-content\/uploads\/2021\/11\/medicina.jpg","width":223,"height":226},{"@type":"BreadcrumbList","@id":"https:\/\/medicinamuncii.md\/?page_id=73#breadcrumb","itemListElement":[{"@type":"ListItem","position":1,"name":"Prima pagin\u0103","item":"https:\/\/medicinamuncii.md\/"},{"@type":"ListItem","position":2,"name":"Medicina Muncii","item":"https:\/\/medicinamuncii.md\/?page_id=7"},{"@type":"ListItem","position":3,"name":"Medicina Muncii"}]},{"@type":"WebSite","@id":"https:\/\/medicinamuncii.md\/#website","url":"https:\/\/medicinamuncii.md\/","name":"Medicina Muncii","description":"Fiecare este responsabil pentru siguran\u021ba la locul de munc\u0103 ... chiar \u0219i tu!","potentialAction":[{"@type":"SearchAction","target":{"@type":"EntryPoint","urlTemplate":"https:\/\/medicinamuncii.md\/?s={search_term_string}"},"query-input":{"@type":"PropertyValueSpecification","valueRequired":true,"valueName":"search_term_string"}}],"inLanguage":"ro-RO"}]}},"jetpack_sharing_enabled":true,"_links":{"self":[{"href":"https:\/\/medicinamuncii.md\/index.php?rest_route=\/wp\/v2\/pages\/73","targetHints":{"allow":["GET"]}}],"collection":[{"href":"https:\/\/medicinamuncii.md\/index.php?rest_route=\/wp\/v2\/pages"}],"about":[{"href":"https:\/\/medicinamuncii.md\/index.php?rest_route=\/wp\/v2\/types\/page"}],"author":[{"embeddable":true,"href":"https:\/\/medicinamuncii.md\/index.php?rest_route=\/wp\/v2\/users\/1"}],"replies":[{"embeddable":true,"href":"https:\/\/medicinamuncii.md\/index.php?rest_route=%2Fwp%2Fv2%2Fcomments&post=73"}],"version-history":[{"count":3,"href":"https:\/\/medicinamuncii.md\/index.php?rest_route=\/wp\/v2\/pages\/73\/revisions"}],"predecessor-version":[{"id":83,"href":"https:\/\/medicinamuncii.md\/index.php?rest_route=\/wp\/v2\/pages\/73\/revisions\/83"}],"up":[{"embeddable":true,"href":"https:\/\/medicinamuncii.md\/index.php?rest_route=\/wp\/v2\/pages\/7"}],"wp:featuredmedia":[{"embeddable":true,"href":"https:\/\/medicinamuncii.md\/index.php?rest_route=\/wp\/v2\/media\/48"}],"wp:attachment":[{"href":"https:\/\/medicinamuncii.md\/index.php?rest_route=%2Fwp%2Fv2%2Fmedia&parent=73"}],"curies":[{"name":"wp","href":"https:\/\/api.w.org\/{rel}","templated":true}]}}