{"id":7,"date":"2021-11-19T06:33:35","date_gmt":"2021-11-19T06:33:35","guid":{"rendered":"https:\/\/medicinamuncii.md\/?page_id=7"},"modified":"2026-01-17T14:00:53","modified_gmt":"2026-01-17T12:00:53","slug":"examen-medical-angajat","status":"publish","type":"page","link":"https:\/\/medicinamuncii.md\/?page_id=7","title":{"rendered":"Medicina Muncii"},"content":{"rendered":"\r\n<div class=\"wp-block-column\">\r\n<div class=\"wp-block-group\">\r\n<div class=\"wp-block-group__inner-container is-layout-flow wp-block-group-is-layout-flow\"><!-- \/wp:column -->\r\n\r\n<!-- wp:columns {\"align\":\"wide\"} -->\r\n<div class=\"wp-block-columns alignwide\"><!-- wp:column -->\r\n<div class=\"wp-block-column\"><!-- wp:group -->\r\n<div class=\"wp-block-group\">\r\n<div class=\"wp-block-group__inner-container\"><!-- wp:image {\"align\":\"full\",\"id\":37,\"sizeSlug\":\"full\"} --><\/div>\r\n<\/div>\r\n<\/div>\r\n<\/div>\r\n<div class=\"wp-block-group alignwide has-background\" style=\"background-color: #ffffff;\">\r\n<div class=\"wp-block-group__inner-container\">\r\n<div class=\"wp-block-group\">\r\n<div class=\"wp-block-group__inner-container\">\r\n<div class=\"wp-block-button aligncenter\">\u00a0<\/div>\r\n<\/div>\r\n<\/div>\r\n<\/div>\r\n<\/div>\r\n<!-- \/wp:gallery --><!-- \/wp:post-content --><!-- \/wp:columns --><!-- wp:post-content --><!-- wp:group {\"align\":\"wide\"} -->\r\n<div class=\"wp-block-group alignwide\">\r\n<div class=\"wp-block-group__inner-container\"><!-- wp:heading {\"align\":\"center\"} -->\r\n<p style=\"font-weight: 400;\"><strong>SERVICII DE MEDICIN\u0102 OCUPA\u021aIONAL\u0102:<\/strong><\/p>\r\n<p style=\"font-weight: 400;\">Conform Regulamentului sanitar privind supravegherea s\u0103n\u0103t\u0103\u021bii persoanelor expuse ac\u021biunii factorilor profesionali de risc, aprobat prin HG Nr. 1025 din 07.09.2016 angajatorul trebuie s\u0103 asigure supravegherea s\u0103n\u0103t\u0103\u0163ii lucr\u0103torilor prin efectuarea examenelor medicale.<\/p>\r\n<p style=\"font-weight: 400;\">Scopul activit\u0103\u021bii \u201eMedFAKTOR\u201d\u00a0 este predominant preventiv, el evalueaz\u0103 riscurile privind \u00eemboln\u0103virile profesionale \u0219i ofer\u0103 angaja\u021bilor solu\u021bii pentru evitarea apari\u021biei bolilor profesionale sau a celor legate de profesie.<\/p>\r\n<p style=\"font-weight: 400;\">\u00cen cadrul controlului de medicin\u0103 ocupa\u021bional\u0103 se realizeaz\u0103 un complex de examin\u0103ri medicale \u00een conformitate cu lista din anexa nr.1 la HG1025\/2016.<\/p>\r\n<p style=\"font-weight: 400;\">Conform prevederilor Regulamentului men\u021bionat angajatorul este obligat \u201e<em>s\u0103 asigure efectuarea examenelor medicale necesare pentru supravegherea s\u0103n\u0103t\u0103\u0163ii lucr\u0103torilor, \u00een perioada ac\u0163iunii\u00a0\u00a0contractului individual de munc\u0103<\/em>\u201d, \u201e<em>s\u0103 completeze fi\u015fele de identificare a factorilor profesionali de risc pentru fiecare loc de munc\u0103<\/em>\u201d etc. Astfel \u201e<em>fiecare persoan\u0103 expus\u0103 ac\u0163iunii factorilor profesionali de risc este obligat\u0103 s\u0103 efectueze examenele medicale, \u00een conformitate cu Lista factorilor de risc din mediul ocupa\u0163ional \u015fi a serviciilor medicale profilactice obligatorii, acordate persoanelor \u00een func\u0163ie de expunerea profesional\u0103\u201d<\/em>. Obliga\u021biunile sus men\u021bionate pot fi realizate doar dac\u0103 la unitate vor fi evaluare riscurile profesionale.<\/p>\r\n<p><strong>ECHIPA DE IMPLEMENTARE<\/strong><\/p>\r\n<p>Pentru realizarea serviciilor propuse \u201eMedFAKTOR\u201d va desemna o echip\u0103 de speciali\u0219ti califica\u021bi condus\u0103 de un medic \u00een patologii profesionale. Pentru realizarea serviciilor \u00een domeniul s\u0103n\u0103t\u0103\u0163ii ocupa\u0163ionale echipa se va deplasa la oficiul beneficiarului.<\/p>\r\n<p>Prin serviciile de medicin\u0103 ocupa\u021bional\u0103 pe care le ofer\u0103,\u00a0Centrul de securitate \u0219i s\u0103n\u0103tate ocupa\u021bional\u0103 \u201eMEDICINA MUNCII\u201d\u00a0este partenerul Dvs. pe termen lung pentru servicii din acest domeniu.<\/p>\r\n<p>\u00cen speran\u021ba unei bune colabor\u0103ri, v\u0103 asigur\u0103m de toat\u0103 considera\u021bia noastr\u0103.<\/p>\r\n<p>mun. B\u0103l\u021bi, str. Pu\u0219kin, 27\/4<\/p>\r\n<p>tel.: (+373) 68 655 600 \/\u00a0 (+373) 79 443 907 \/ (+373) 23 185 880<\/p>\r\n<p>mun. Chi\u0219in\u0103u, str. Tighina 65 of. 421,<\/p>\r\n<p>tel.: (+373) 68 655 600 \/\u00a0 (+373) 79 443 907\u00a0<\/p>\r\n<p>email: <a href=\"mailto:itria.servicii@mail.ru\">itria.servicii@mail.ru<\/a><\/p>\r\n<!-- \/wp:heading --><\/div>\r\n<\/div>\r\n<!-- \/wp:group -->\r\n\r\n<!-- wp:columns {\"align\":\"wide\"} -->\r\n<div class=\"wp-block-columns alignwide\"><!-- wp:column -->\r\n<div class=\"wp-block-column\"><!-- wp:group -->\r\n<div class=\"wp-block-group\">\r\n<div class=\"wp-block-group__inner-container\"><!-- wp:image {\"align\":\"full\",\"id\":37,\"sizeSlug\":\"full\"} --><\/div>\r\n<\/div>\r\n<\/div>\r\n<\/div>\r\n<div class=\"wp-block-group alignwide has-background\" style=\"background-color: #ffffff;\">\r\n<div class=\"wp-block-group__inner-container\">\r\n<div class=\"wp-block-group\">\r\n<div class=\"wp-block-group__inner-container\">\r\n<div class=\"wp-block-button aligncenter\">\u00a0<\/div>\r\n<\/div>\r\n<\/div>\r\n<\/div>\r\n<\/div>\r\n<!-- \/wp:gallery --><!-- \/wp:post-content -->","protected":false},"excerpt":{"rendered":"<p>\u00a0 SERVICII DE MEDICIN\u0102 OCUPA\u021aIONAL\u0102: Conform Regulamentului sanitar privind supravegherea s\u0103n\u0103t\u0103\u021bii persoanelor expuse ac\u021biunii factorilor profesionali de risc, aprobat prin HG Nr. 1025 din 07.09.2016 angajatorul trebuie s\u0103 asigure supravegherea s\u0103n\u0103t\u0103\u0163ii lucr\u0103torilor prin efectuarea examenelor medicale. Scopul activit\u0103\u021bii \u201eMedFAKTOR\u201d\u00a0 este predominant preventiv, el evalueaz\u0103 riscurile privind \u00eemboln\u0103virile profesionale \u0219i ofer\u0103 angaja\u021bilor solu\u021bii pentru evitarea apari\u021biei &hellip;<br \/><a href=\"https:\/\/medicinamuncii.md\/?page_id=7\" class=\"more-link pen_button pen_element_default pen_icon_arrow_double\">Continu\u0103 lectura <span class=\"screen-reader-text\">Medicina Muncii<\/span><\/a><\/p>\n","protected":false},"author":1,"featured_media":58,"parent":0,"menu_order":4,"comment_status":"closed","ping_status":"closed","template":"","meta":{"footnotes":""},"class_list":["post-7","page","type-page","status-publish","has-post-thumbnail","hentry"],"yoast_head":"<!-- This site is optimized with the Yoast SEO plugin v27.5 - https:\/\/yoast.com\/product\/yoast-seo-wordpress\/ -->\n<title>Medicina Muncii - Medicina Muncii %<\/title>\n<meta name=\"robots\" content=\"index, follow, max-snippet:-1, max-image-preview:large, max-video-preview:-1\" \/>\n<link rel=\"canonical\" href=\"https:\/\/medicinamuncii.md\/?page_id=7\" \/>\n<meta property=\"og:locale\" content=\"ro_RO\" \/>\n<meta property=\"og:type\" content=\"article\" \/>\n<meta property=\"og:title\" content=\"Medicina Muncii - Medicina Muncii %\" \/>\n<meta property=\"og:description\" content=\"\u00a0 SERVICII DE MEDICIN\u0102 OCUPA\u021aIONAL\u0102: Conform Regulamentului sanitar privind supravegherea s\u0103n\u0103t\u0103\u021bii persoanelor expuse ac\u021biunii factorilor profesionali de risc, aprobat prin HG Nr. 1025 din 07.09.2016 angajatorul trebuie s\u0103 asigure supravegherea s\u0103n\u0103t\u0103\u0163ii lucr\u0103torilor prin efectuarea examenelor medicale. Scopul activit\u0103\u021bii \u201eMedFAKTOR\u201d\u00a0 este predominant preventiv, el evalueaz\u0103 riscurile privind \u00eemboln\u0103virile profesionale \u0219i ofer\u0103 angaja\u021bilor solu\u021bii pentru evitarea apari\u021biei &hellip;Continu\u0103 lectura Medicina Muncii\" \/>\n<meta property=\"og:url\" content=\"https:\/\/medicinamuncii.md\/?page_id=7\" \/>\n<meta property=\"og:site_name\" content=\"Medicina Muncii\" \/>\n<meta property=\"article:modified_time\" content=\"2026-01-17T12:00:53+00:00\" \/>\n<meta property=\"og:image\" content=\"https:\/\/medicinamuncii.md\/wp-content\/uploads\/2021\/11\/1.medicina-del-lavoro.jpg\" \/>\n\t<meta property=\"og:image:width\" content=\"1400\" \/>\n\t<meta property=\"og:image:height\" content=\"680\" \/>\n\t<meta property=\"og:image:type\" content=\"image\/jpeg\" \/>\n<meta name=\"twitter:card\" content=\"summary_large_image\" \/>\n<meta name=\"twitter:label1\" content=\"Timp estimat pentru citire\" \/>\n\t<meta name=\"twitter:data1\" content=\"2 minute\" \/>\n<script type=\"application\/ld+json\" class=\"yoast-schema-graph\">{\"@context\":\"https:\\\/\\\/schema.org\",\"@graph\":[{\"@type\":\"WebPage\",\"@id\":\"https:\\\/\\\/medicinamuncii.md\\\/?page_id=7\",\"url\":\"https:\\\/\\\/medicinamuncii.md\\\/?page_id=7\",\"name\":\"Medicina Muncii - Medicina Muncii %\",\"isPartOf\":{\"@id\":\"https:\\\/\\\/medicinamuncii.md\\\/#website\"},\"primaryImageOfPage\":{\"@id\":\"https:\\\/\\\/medicinamuncii.md\\\/?page_id=7#primaryimage\"},\"image\":{\"@id\":\"https:\\\/\\\/medicinamuncii.md\\\/?page_id=7#primaryimage\"},\"thumbnailUrl\":\"https:\\\/\\\/medicinamuncii.md\\\/wp-content\\\/uploads\\\/2021\\\/11\\\/1.medicina-del-lavoro.jpg\",\"datePublished\":\"2021-11-19T06:33:35+00:00\",\"dateModified\":\"2026-01-17T12:00:53+00:00\",\"breadcrumb\":{\"@id\":\"https:\\\/\\\/medicinamuncii.md\\\/?page_id=7#breadcrumb\"},\"inLanguage\":\"ro-RO\",\"potentialAction\":[{\"@type\":\"ReadAction\",\"target\":[\"https:\\\/\\\/medicinamuncii.md\\\/?page_id=7\"]}]},{\"@type\":\"ImageObject\",\"inLanguage\":\"ro-RO\",\"@id\":\"https:\\\/\\\/medicinamuncii.md\\\/?page_id=7#primaryimage\",\"url\":\"https:\\\/\\\/medicinamuncii.md\\\/wp-content\\\/uploads\\\/2021\\\/11\\\/1.medicina-del-lavoro.jpg\",\"contentUrl\":\"https:\\\/\\\/medicinamuncii.md\\\/wp-content\\\/uploads\\\/2021\\\/11\\\/1.medicina-del-lavoro.jpg\",\"width\":1400,\"height\":680},{\"@type\":\"BreadcrumbList\",\"@id\":\"https:\\\/\\\/medicinamuncii.md\\\/?page_id=7#breadcrumb\",\"itemListElement\":[{\"@type\":\"ListItem\",\"position\":1,\"name\":\"Prima pagin\u0103\",\"item\":\"https:\\\/\\\/medicinamuncii.md\\\/\"},{\"@type\":\"ListItem\",\"position\":2,\"name\":\"Medicina Muncii\"}]},{\"@type\":\"WebSite\",\"@id\":\"https:\\\/\\\/medicinamuncii.md\\\/#website\",\"url\":\"https:\\\/\\\/medicinamuncii.md\\\/\",\"name\":\"Medicina Muncii\",\"description\":\"Fiecare este responsabil pentru siguran\u021ba la locul de munc\u0103 ... chiar \u0219i tu!\",\"potentialAction\":[{\"@type\":\"SearchAction\",\"target\":{\"@type\":\"EntryPoint\",\"urlTemplate\":\"https:\\\/\\\/medicinamuncii.md\\\/?s={search_term_string}\"},\"query-input\":{\"@type\":\"PropertyValueSpecification\",\"valueRequired\":true,\"valueName\":\"search_term_string\"}}],\"inLanguage\":\"ro-RO\"}]}<\/script>\n<!-- \/ Yoast SEO plugin. -->","yoast_head_json":{"title":"Medicina Muncii - Medicina Muncii %","robots":{"index":"index","follow":"follow","max-snippet":"max-snippet:-1","max-image-preview":"max-image-preview:large","max-video-preview":"max-video-preview:-1"},"canonical":"https:\/\/medicinamuncii.md\/?page_id=7","og_locale":"ro_RO","og_type":"article","og_title":"Medicina Muncii - Medicina Muncii %","og_description":"\u00a0 SERVICII DE MEDICIN\u0102 OCUPA\u021aIONAL\u0102: Conform Regulamentului sanitar privind supravegherea s\u0103n\u0103t\u0103\u021bii persoanelor expuse ac\u021biunii factorilor profesionali de risc, aprobat prin HG Nr. 1025 din 07.09.2016 angajatorul trebuie s\u0103 asigure supravegherea s\u0103n\u0103t\u0103\u0163ii lucr\u0103torilor prin efectuarea examenelor medicale. Scopul activit\u0103\u021bii \u201eMedFAKTOR\u201d\u00a0 este predominant preventiv, el evalueaz\u0103 riscurile privind \u00eemboln\u0103virile profesionale \u0219i ofer\u0103 angaja\u021bilor solu\u021bii pentru evitarea apari\u021biei &hellip;Continu\u0103 lectura Medicina Muncii","og_url":"https:\/\/medicinamuncii.md\/?page_id=7","og_site_name":"Medicina Muncii","article_modified_time":"2026-01-17T12:00:53+00:00","og_image":[{"width":1400,"height":680,"url":"https:\/\/medicinamuncii.md\/wp-content\/uploads\/2021\/11\/1.medicina-del-lavoro.jpg","type":"image\/jpeg"}],"twitter_card":"summary_large_image","twitter_misc":{"Timp estimat pentru citire":"2 minute"},"schema":{"@context":"https:\/\/schema.org","@graph":[{"@type":"WebPage","@id":"https:\/\/medicinamuncii.md\/?page_id=7","url":"https:\/\/medicinamuncii.md\/?page_id=7","name":"Medicina Muncii - Medicina Muncii %","isPartOf":{"@id":"https:\/\/medicinamuncii.md\/#website"},"primaryImageOfPage":{"@id":"https:\/\/medicinamuncii.md\/?page_id=7#primaryimage"},"image":{"@id":"https:\/\/medicinamuncii.md\/?page_id=7#primaryimage"},"thumbnailUrl":"https:\/\/medicinamuncii.md\/wp-content\/uploads\/2021\/11\/1.medicina-del-lavoro.jpg","datePublished":"2021-11-19T06:33:35+00:00","dateModified":"2026-01-17T12:00:53+00:00","breadcrumb":{"@id":"https:\/\/medicinamuncii.md\/?page_id=7#breadcrumb"},"inLanguage":"ro-RO","potentialAction":[{"@type":"ReadAction","target":["https:\/\/medicinamuncii.md\/?page_id=7"]}]},{"@type":"ImageObject","inLanguage":"ro-RO","@id":"https:\/\/medicinamuncii.md\/?page_id=7#primaryimage","url":"https:\/\/medicinamuncii.md\/wp-content\/uploads\/2021\/11\/1.medicina-del-lavoro.jpg","contentUrl":"https:\/\/medicinamuncii.md\/wp-content\/uploads\/2021\/11\/1.medicina-del-lavoro.jpg","width":1400,"height":680},{"@type":"BreadcrumbList","@id":"https:\/\/medicinamuncii.md\/?page_id=7#breadcrumb","itemListElement":[{"@type":"ListItem","position":1,"name":"Prima pagin\u0103","item":"https:\/\/medicinamuncii.md\/"},{"@type":"ListItem","position":2,"name":"Medicina Muncii"}]},{"@type":"WebSite","@id":"https:\/\/medicinamuncii.md\/#website","url":"https:\/\/medicinamuncii.md\/","name":"Medicina Muncii","description":"Fiecare este responsabil pentru siguran\u021ba la locul de munc\u0103 ... chiar \u0219i tu!","potentialAction":[{"@type":"SearchAction","target":{"@type":"EntryPoint","urlTemplate":"https:\/\/medicinamuncii.md\/?s={search_term_string}"},"query-input":{"@type":"PropertyValueSpecification","valueRequired":true,"valueName":"search_term_string"}}],"inLanguage":"ro-RO"}]}},"jetpack_sharing_enabled":true,"_links":{"self":[{"href":"https:\/\/medicinamuncii.md\/index.php?rest_route=\/wp\/v2\/pages\/7","targetHints":{"allow":["GET"]}}],"collection":[{"href":"https:\/\/medicinamuncii.md\/index.php?rest_route=\/wp\/v2\/pages"}],"about":[{"href":"https:\/\/medicinamuncii.md\/index.php?rest_route=\/wp\/v2\/types\/page"}],"author":[{"embeddable":true,"href":"https:\/\/medicinamuncii.md\/index.php?rest_route=\/wp\/v2\/users\/1"}],"replies":[{"embeddable":true,"href":"https:\/\/medicinamuncii.md\/index.php?rest_route=%2Fwp%2Fv2%2Fcomments&post=7"}],"version-history":[{"count":5,"href":"https:\/\/medicinamuncii.md\/index.php?rest_route=\/wp\/v2\/pages\/7\/revisions"}],"predecessor-version":[{"id":138,"href":"https:\/\/medicinamuncii.md\/index.php?rest_route=\/wp\/v2\/pages\/7\/revisions\/138"}],"wp:featuredmedia":[{"embeddable":true,"href":"https:\/\/medicinamuncii.md\/index.php?rest_route=\/wp\/v2\/media\/58"}],"wp:attachment":[{"href":"https:\/\/medicinamuncii.md\/index.php?rest_route=%2Fwp%2Fv2%2Fmedia&parent=7"}],"curies":[{"name":"wp","href":"https:\/\/api.w.org\/{rel}","templated":true}]}}