{"id":170,"date":"2022-04-28T11:16:35","date_gmt":"2022-04-28T11:16:35","guid":{"rendered":"https:\/\/medicinamuncii.md\/?page_id=170"},"modified":"2026-01-17T14:00:53","modified_gmt":"2026-01-17T12:00:53","slug":"oferta","status":"publish","type":"page","link":"https:\/\/medicinamuncii.md\/?page_id=170","title":{"rendered":"Oferta"},"content":{"rendered":"<table>\n<tbody>\n<tr>\n<td width=\"714\">Pentru realizarea serviciilor propuse <strong>\u201eMedFaktor\u201d<\/strong> va desemna o echip\u0103 de speciali\u0219ti califica\u021bi condus\u0103 de un medic \u00een medicina muncii. \u00a0Prin serviciile de medicin\u0103 ocupa\u021bional\u0103 pe care le ofer\u0103, Centrul de securitate \u0219i s\u0103n\u0103tate ocupa\u021bional\u0103 <strong>\u201eMedFaktor\u201d<\/strong> este partenerul Dvs. pe termen lung pentru servicii din acest domeniu.<\/p>\n<p>Scopul activit\u0103\u021bii Centrului de Medicina Ocupa\u021bional\u0103 <strong>\u201eMedFaktor\u201d<\/strong> este predominant preventiv, el evalueaz\u0103 riscurile privind \u00eemboln\u0103virile profesionale \u0219i ofer\u0103 angaja\u021bilor solu\u021bii pentru evitarea apari\u021biei bolilor profesionale sau a celor legate de profesie.<\/p>\n<p>\u00cen cadrul controlului de medicin\u0103 ocupa\u021bional\u0103 se realizeaz\u0103 un complex de examin\u0103ri medicale \u00een conformitate cu lista din anexa nr.1 la HG 1079\/2023<\/td>\n<\/tr>\n<\/tbody>\n<\/table>\n<p><strong><em>Oferta pentru servicii medicale\u00a0 stabilit \u00een dependen\u0163\u0103 de riscurile profesionale conform listei nominale a angajatilor:<\/em><\/strong><\/p>\n<table style=\"height: 503px;\" width=\"779\">\n<thead>\n<tr>\n<td width=\"359\"><strong>Servicii <\/strong><\/td>\n<td width=\"196\"><strong>Temei legal <\/strong><\/td>\n<td width=\"139\"><strong>Document eliberat \/ <em>\u0414\u043e\u043a\u0443\u043c\u0435\u043d\u0442<\/em><\/strong><\/td>\n<\/tr>\n<\/thead>\n<tbody>\n<tr>\n<td colspan=\"3\" width=\"695\">Examen medical a persoanelor expu\u0219i ac\u021biunii factorilor profesionali de risc<\/td>\n<\/tr>\n<tr>\n<td width=\"359\">Efectuarea examenului medical la angajare<\/td>\n<td rowspan=\"6\" width=\"196\">\u00b7\u00a0\u00a0\u00a0\u00a0 Regulamentul sanitar privind supravegherea s\u0103n\u0103t\u0103\u021bii persoanelor expuse ac\u021biunii factorilor profesionali de risc, aprobat prin HG Nr. 1079 din 27.12.2023 (HG1079\/2023)<\/td>\n<td rowspan=\"3\" width=\"139\">Dosar medical<\/td>\n<\/tr>\n<tr>\n<td width=\"359\">Efectuarea examenului medical periodic<\/td>\n<\/tr>\n<tr>\n<td width=\"359\">Efectuarea examenului medical la reluarea activit\u0103\u021bii<\/td>\n<\/tr>\n<tr>\n<td width=\"359\">\u00centocmirea \u0219i completarea dosarului medical<\/td>\n<td rowspan=\"2\" width=\"139\">Fi\u0219a de aptitudine<\/td>\n<\/tr>\n<tr>\n<td width=\"359\">Completarea fi\u0219ei de aptitudini<\/td>\n<\/tr>\n<tr>\n<td width=\"359\">Completarea actului final<\/td>\n<td width=\"139\">Lista nominal\u0103 a persoanelor care activeaz\u0103 \u00een condi\u021bii de expunere la factori profesionali de risc<\/td>\n<\/tr>\n<tr>\n<td width=\"359\">Consilierea angajatorului privind adaptarea muncii \u0219i a locului<\/p>\n<p>de munc\u0103 la caracteristicile psihofiziologice ale angaja\u021bilor<\/td>\n<td width=\"196\">&nbsp;<\/td>\n<td width=\"139\">Recomandare<\/td>\n<\/tr>\n<tr>\n<td width=\"359\">Supravegherea s\u0103n\u0103t\u0103\u021bii angaja\u021bilor<\/td>\n<td width=\"196\">(HG1079\/2023)<\/td>\n<td width=\"139\">Recomandare<\/td>\n<\/tr>\n<tr>\n<td width=\"359\">Monitorizarea periodicit\u0103\u021bii examin\u0103rilor medicale<\/td>\n<td width=\"196\">(HG1079\/2023)<\/td>\n<td width=\"139\">&nbsp;<\/td>\n<\/tr>\n<\/tbody>\n<\/table>\n","protected":false},"excerpt":{"rendered":"<p>Pentru realizarea serviciilor propuse \u201eMedFaktor\u201d va desemna o echip\u0103 de speciali\u0219ti califica\u021bi condus\u0103 de un medic \u00een medicina muncii. \u00a0Prin serviciile de medicin\u0103 ocupa\u021bional\u0103 pe care le ofer\u0103, Centrul de securitate \u0219i s\u0103n\u0103tate ocupa\u021bional\u0103 \u201eMedFaktor\u201d este partenerul Dvs. pe termen lung pentru servicii din acest domeniu. Scopul activit\u0103\u021bii Centrului de Medicina Ocupa\u021bional\u0103 \u201eMedFaktor\u201d este predominant &hellip;<br \/><a href=\"https:\/\/medicinamuncii.md\/?page_id=170\" class=\"more-link pen_button pen_element_default pen_icon_arrow_double\">Continu\u0103 lectura <span class=\"screen-reader-text\">Oferta<\/span><\/a><\/p>\n","protected":false},"author":1,"featured_media":173,"parent":0,"menu_order":5,"comment_status":"closed","ping_status":"closed","template":"","meta":{"footnotes":""},"class_list":["post-170","page","type-page","status-publish","has-post-thumbnail","hentry"],"yoast_head":"<!-- This site is optimized with the Yoast SEO plugin v27.5 - https:\/\/yoast.com\/product\/yoast-seo-wordpress\/ -->\n<title>Oferta - Medicina Muncii<\/title>\n<meta name=\"robots\" content=\"index, follow, max-snippet:-1, max-image-preview:large, max-video-preview:-1\" \/>\n<link rel=\"canonical\" href=\"https:\/\/medicinamuncii.md\/?page_id=170\" \/>\n<meta property=\"og:locale\" content=\"ro_RO\" \/>\n<meta property=\"og:type\" content=\"article\" \/>\n<meta property=\"og:title\" content=\"Oferta - Medicina Muncii\" \/>\n<meta property=\"og:description\" content=\"Pentru realizarea serviciilor propuse \u201eMedFaktor\u201d va desemna o echip\u0103 de speciali\u0219ti califica\u021bi condus\u0103 de un medic \u00een medicina muncii. \u00a0Prin serviciile de medicin\u0103 ocupa\u021bional\u0103 pe care le ofer\u0103, Centrul de securitate \u0219i s\u0103n\u0103tate ocupa\u021bional\u0103 \u201eMedFaktor\u201d este partenerul Dvs. pe termen lung pentru servicii din acest domeniu. Scopul activit\u0103\u021bii Centrului de Medicina Ocupa\u021bional\u0103 \u201eMedFaktor\u201d este predominant &hellip;Continu\u0103 lectura Oferta\" \/>\n<meta property=\"og:url\" content=\"https:\/\/medicinamuncii.md\/?page_id=170\" \/>\n<meta property=\"og:site_name\" content=\"Medicina Muncii\" \/>\n<meta property=\"article:modified_time\" content=\"2026-01-17T12:00:53+00:00\" \/>\n<meta property=\"og:image\" content=\"https:\/\/medicinamuncii.md\/wp-content\/uploads\/2022\/04\/Oferta-MedOcup-Itria-Group-2022_page-0001.jpg\" \/>\n\t<meta property=\"og:image:width\" content=\"1241\" \/>\n\t<meta property=\"og:image:height\" content=\"1754\" \/>\n\t<meta property=\"og:image:type\" content=\"image\/jpeg\" \/>\n<meta name=\"twitter:card\" content=\"summary_large_image\" \/>\n<meta name=\"twitter:label1\" content=\"Timp estimat pentru citire\" \/>\n\t<meta name=\"twitter:data1\" content=\"2 minute\" \/>\n<script type=\"application\/ld+json\" class=\"yoast-schema-graph\">{\"@context\":\"https:\\\/\\\/schema.org\",\"@graph\":[{\"@type\":\"WebPage\",\"@id\":\"https:\\\/\\\/medicinamuncii.md\\\/?page_id=170\",\"url\":\"https:\\\/\\\/medicinamuncii.md\\\/?page_id=170\",\"name\":\"Oferta - Medicina Muncii\",\"isPartOf\":{\"@id\":\"https:\\\/\\\/medicinamuncii.md\\\/#website\"},\"primaryImageOfPage\":{\"@id\":\"https:\\\/\\\/medicinamuncii.md\\\/?page_id=170#primaryimage\"},\"image\":{\"@id\":\"https:\\\/\\\/medicinamuncii.md\\\/?page_id=170#primaryimage\"},\"thumbnailUrl\":\"https:\\\/\\\/medicinamuncii.md\\\/wp-content\\\/uploads\\\/2022\\\/04\\\/Oferta-MedOcup-Itria-Group-2022_page-0001.jpg\",\"datePublished\":\"2022-04-28T11:16:35+00:00\",\"dateModified\":\"2026-01-17T12:00:53+00:00\",\"breadcrumb\":{\"@id\":\"https:\\\/\\\/medicinamuncii.md\\\/?page_id=170#breadcrumb\"},\"inLanguage\":\"ro-RO\",\"potentialAction\":[{\"@type\":\"ReadAction\",\"target\":[\"https:\\\/\\\/medicinamuncii.md\\\/?page_id=170\"]}]},{\"@type\":\"ImageObject\",\"inLanguage\":\"ro-RO\",\"@id\":\"https:\\\/\\\/medicinamuncii.md\\\/?page_id=170#primaryimage\",\"url\":\"https:\\\/\\\/medicinamuncii.md\\\/wp-content\\\/uploads\\\/2022\\\/04\\\/Oferta-MedOcup-Itria-Group-2022_page-0001.jpg\",\"contentUrl\":\"https:\\\/\\\/medicinamuncii.md\\\/wp-content\\\/uploads\\\/2022\\\/04\\\/Oferta-MedOcup-Itria-Group-2022_page-0001.jpg\",\"width\":1241,\"height\":1754},{\"@type\":\"BreadcrumbList\",\"@id\":\"https:\\\/\\\/medicinamuncii.md\\\/?page_id=170#breadcrumb\",\"itemListElement\":[{\"@type\":\"ListItem\",\"position\":1,\"name\":\"Prima pagin\u0103\",\"item\":\"https:\\\/\\\/medicinamuncii.md\\\/\"},{\"@type\":\"ListItem\",\"position\":2,\"name\":\"Oferta\"}]},{\"@type\":\"WebSite\",\"@id\":\"https:\\\/\\\/medicinamuncii.md\\\/#website\",\"url\":\"https:\\\/\\\/medicinamuncii.md\\\/\",\"name\":\"Medicina Muncii\",\"description\":\"Fiecare este responsabil pentru siguran\u021ba la locul de munc\u0103 ... chiar \u0219i tu!\",\"potentialAction\":[{\"@type\":\"SearchAction\",\"target\":{\"@type\":\"EntryPoint\",\"urlTemplate\":\"https:\\\/\\\/medicinamuncii.md\\\/?s={search_term_string}\"},\"query-input\":{\"@type\":\"PropertyValueSpecification\",\"valueRequired\":true,\"valueName\":\"search_term_string\"}}],\"inLanguage\":\"ro-RO\"}]}<\/script>\n<!-- \/ Yoast SEO plugin. -->","yoast_head_json":{"title":"Oferta - Medicina Muncii","robots":{"index":"index","follow":"follow","max-snippet":"max-snippet:-1","max-image-preview":"max-image-preview:large","max-video-preview":"max-video-preview:-1"},"canonical":"https:\/\/medicinamuncii.md\/?page_id=170","og_locale":"ro_RO","og_type":"article","og_title":"Oferta - Medicina Muncii","og_description":"Pentru realizarea serviciilor propuse \u201eMedFaktor\u201d va desemna o echip\u0103 de speciali\u0219ti califica\u021bi condus\u0103 de un medic \u00een medicina muncii. \u00a0Prin serviciile de medicin\u0103 ocupa\u021bional\u0103 pe care le ofer\u0103, Centrul de securitate \u0219i s\u0103n\u0103tate ocupa\u021bional\u0103 \u201eMedFaktor\u201d este partenerul Dvs. pe termen lung pentru servicii din acest domeniu. Scopul activit\u0103\u021bii Centrului de Medicina Ocupa\u021bional\u0103 \u201eMedFaktor\u201d este predominant &hellip;Continu\u0103 lectura Oferta","og_url":"https:\/\/medicinamuncii.md\/?page_id=170","og_site_name":"Medicina Muncii","article_modified_time":"2026-01-17T12:00:53+00:00","og_image":[{"width":1241,"height":1754,"url":"https:\/\/medicinamuncii.md\/wp-content\/uploads\/2022\/04\/Oferta-MedOcup-Itria-Group-2022_page-0001.jpg","type":"image\/jpeg"}],"twitter_card":"summary_large_image","twitter_misc":{"Timp estimat pentru citire":"2 minute"},"schema":{"@context":"https:\/\/schema.org","@graph":[{"@type":"WebPage","@id":"https:\/\/medicinamuncii.md\/?page_id=170","url":"https:\/\/medicinamuncii.md\/?page_id=170","name":"Oferta - Medicina Muncii","isPartOf":{"@id":"https:\/\/medicinamuncii.md\/#website"},"primaryImageOfPage":{"@id":"https:\/\/medicinamuncii.md\/?page_id=170#primaryimage"},"image":{"@id":"https:\/\/medicinamuncii.md\/?page_id=170#primaryimage"},"thumbnailUrl":"https:\/\/medicinamuncii.md\/wp-content\/uploads\/2022\/04\/Oferta-MedOcup-Itria-Group-2022_page-0001.jpg","datePublished":"2022-04-28T11:16:35+00:00","dateModified":"2026-01-17T12:00:53+00:00","breadcrumb":{"@id":"https:\/\/medicinamuncii.md\/?page_id=170#breadcrumb"},"inLanguage":"ro-RO","potentialAction":[{"@type":"ReadAction","target":["https:\/\/medicinamuncii.md\/?page_id=170"]}]},{"@type":"ImageObject","inLanguage":"ro-RO","@id":"https:\/\/medicinamuncii.md\/?page_id=170#primaryimage","url":"https:\/\/medicinamuncii.md\/wp-content\/uploads\/2022\/04\/Oferta-MedOcup-Itria-Group-2022_page-0001.jpg","contentUrl":"https:\/\/medicinamuncii.md\/wp-content\/uploads\/2022\/04\/Oferta-MedOcup-Itria-Group-2022_page-0001.jpg","width":1241,"height":1754},{"@type":"BreadcrumbList","@id":"https:\/\/medicinamuncii.md\/?page_id=170#breadcrumb","itemListElement":[{"@type":"ListItem","position":1,"name":"Prima pagin\u0103","item":"https:\/\/medicinamuncii.md\/"},{"@type":"ListItem","position":2,"name":"Oferta"}]},{"@type":"WebSite","@id":"https:\/\/medicinamuncii.md\/#website","url":"https:\/\/medicinamuncii.md\/","name":"Medicina Muncii","description":"Fiecare este responsabil pentru siguran\u021ba la locul de munc\u0103 ... chiar \u0219i tu!","potentialAction":[{"@type":"SearchAction","target":{"@type":"EntryPoint","urlTemplate":"https:\/\/medicinamuncii.md\/?s={search_term_string}"},"query-input":{"@type":"PropertyValueSpecification","valueRequired":true,"valueName":"search_term_string"}}],"inLanguage":"ro-RO"}]}},"jetpack_sharing_enabled":true,"_links":{"self":[{"href":"https:\/\/medicinamuncii.md\/index.php?rest_route=\/wp\/v2\/pages\/170","targetHints":{"allow":["GET"]}}],"collection":[{"href":"https:\/\/medicinamuncii.md\/index.php?rest_route=\/wp\/v2\/pages"}],"about":[{"href":"https:\/\/medicinamuncii.md\/index.php?rest_route=\/wp\/v2\/types\/page"}],"author":[{"embeddable":true,"href":"https:\/\/medicinamuncii.md\/index.php?rest_route=\/wp\/v2\/users\/1"}],"replies":[{"embeddable":true,"href":"https:\/\/medicinamuncii.md\/index.php?rest_route=%2Fwp%2Fv2%2Fcomments&post=170"}],"version-history":[{"count":3,"href":"https:\/\/medicinamuncii.md\/index.php?rest_route=\/wp\/v2\/pages\/170\/revisions"}],"predecessor-version":[{"id":227,"href":"https:\/\/medicinamuncii.md\/index.php?rest_route=\/wp\/v2\/pages\/170\/revisions\/227"}],"wp:featuredmedia":[{"embeddable":true,"href":"https:\/\/medicinamuncii.md\/index.php?rest_route=\/wp\/v2\/media\/173"}],"wp:attachment":[{"href":"https:\/\/medicinamuncii.md\/index.php?rest_route=%2Fwp%2Fv2%2Fmedia&parent=170"}],"curies":[{"name":"wp","href":"https:\/\/api.w.org\/{rel}","templated":true}]}}