{"id":163,"date":"2022-04-28T11:08:28","date_gmt":"2022-04-28T11:08:28","guid":{"rendered":"https:\/\/medicinamuncii.md\/?page_id=163"},"modified":"2026-01-17T14:00:53","modified_gmt":"2026-01-17T12:00:53","slug":"linkuri-utile-medicina-ocupationala","status":"publish","type":"page","link":"https:\/\/medicinamuncii.md\/?page_id=163","title":{"rendered":"Linkuri utile medicina ocupa\u021bionala"},"content":{"rendered":"<h5><em>HOT\u0102R\u00c2RE Nr. 1079 din 27-12-2023<\/em>\u00a0 &#8211;\u00a0 <strong><a href=\"https:\/\/www.legis.md\/cautare\/getResults?doc_id=142165&amp;lang=ro\">Apas\u0103 LINK<\/a><\/strong><\/h5>\n<p><em><img loading=\"lazy\" decoding=\"async\" class=\"wp-image-224 aligncenter\" src=\"https:\/\/medicinamuncii.md\/wp-content\/uploads\/2024\/11\/acte-300x169.jpg\" alt=\"\" width=\"382\" height=\"215\" srcset=\"https:\/\/medicinamuncii.md\/wp-content\/uploads\/2024\/11\/acte-300x169.jpg 300w, https:\/\/medicinamuncii.md\/wp-content\/uploads\/2024\/11\/acte-1024x577.jpg 1024w, https:\/\/medicinamuncii.md\/wp-content\/uploads\/2024\/11\/acte-768x433.jpg 768w, https:\/\/medicinamuncii.md\/wp-content\/uploads\/2024\/11\/acte.jpg 1280w\" sizes=\"auto, (max-width: 382px) 100vw, 382px\" \/><\/em><\/p>\n<p><a href=\"https:\/\/www.legis.md\/UserFiles\/Image\/RO\/2024\/mo89-92md\/an1_1_1079md.docx\"><strong>Descarc\u0103<\/strong> <\/a>&#8211; <em>LISTA factorilor de risc\u00a0\u00a0<\/em><\/p>\n<p><a href=\"https:\/\/www.legis.md\/UserFiles\/Image\/RO\/2024\/mo89-92md\/an2_1_1079md.docx\"><strong>Descarc\u0103 <\/strong><\/a><em>&#8211; FI\u015eA de solicitare a examenului medical<\/em><\/p>\n<p><a href=\"https:\/\/www.legis.md\/UserFiles\/Image\/RO\/2024\/mo89-92md\/an3_1_1079md.docx\"><strong>Descarc\u0103 <\/strong><\/a>&#8211; <em>FI\u0218A de evaluare a factorilor de risc profesional<\/em><\/p>\n<p><a href=\"https:\/\/www.legis.md\/UserFiles\/Image\/RO\/2024\/mo89-92md\/an4_1_1079md.docx\"><strong>Descarc\u0103 <\/strong><\/a>&#8211; <em>LISTA nominal\u0103<\/em><\/p>\n<p><a href=\"https:\/\/www.legis.md\/UserFiles\/Image\/RO\/2024\/mo89-92md\/an7_1_1079md.docx\"><strong>Descarc\u0103 <\/strong><\/a><em>&#8211; DOSAR MEDICAL <\/em><\/p>\n<p><a href=\"https:\/\/www.legis.md\/UserFiles\/Image\/RO\/2024\/mo89-92md\/an5_1_1079md.docx\"><strong>Descarc\u0103 <\/strong><\/a><em>&#8211; FI\u015eA DE APTITUDINE \u00ceN MUNC\u0102<\/em><\/p>\n<p><a href=\"https:\/\/www.legis.md\/UserFiles\/Image\/RO\/2024\/mo89-92md\/an6_1_1079md.docx\"><strong>Descarc\u0103 <\/strong><\/a><em>&#8211; ACTUL FINAL<\/em><\/p>\n","protected":false},"excerpt":{"rendered":"<p>HOT\u0102R\u00c2RE Nr. 1079 din 27-12-2023\u00a0 &#8211;\u00a0 Apas\u0103 LINK Descarc\u0103 &#8211; LISTA factorilor de risc\u00a0\u00a0 Descarc\u0103 &#8211; FI\u015eA de solicitare a examenului medical Descarc\u0103 &#8211; FI\u0218A de evaluare a factorilor de risc profesional Descarc\u0103 &#8211; LISTA nominal\u0103 Descarc\u0103 &#8211; DOSAR MEDICAL Descarc\u0103 &#8211; FI\u015eA DE APTITUDINE \u00ceN MUNC\u0102 Descarc\u0103 &#8211; ACTUL FINAL<\/p>\n","protected":false},"author":1,"featured_media":0,"parent":0,"menu_order":3,"comment_status":"closed","ping_status":"closed","template":"","meta":{"footnotes":""},"class_list":["post-163","page","type-page","status-publish","hentry"],"yoast_head":"<!-- This site is optimized with the Yoast SEO plugin v27.5 - https:\/\/yoast.com\/product\/yoast-seo-wordpress\/ -->\n<title>Linkuri utile medicina ocupa\u021bionala - Medicina Muncii<\/title>\n<meta name=\"robots\" content=\"index, follow, max-snippet:-1, max-image-preview:large, max-video-preview:-1\" \/>\n<link rel=\"canonical\" href=\"https:\/\/medicinamuncii.md\/?page_id=163\" \/>\n<meta property=\"og:locale\" content=\"ro_RO\" \/>\n<meta property=\"og:type\" content=\"article\" \/>\n<meta property=\"og:title\" content=\"Linkuri utile medicina ocupa\u021bionala - Medicina Muncii\" \/>\n<meta property=\"og:description\" content=\"HOT\u0102R\u00c2RE Nr. 1079 din 27-12-2023\u00a0 &#8211;\u00a0 Apas\u0103 LINK Descarc\u0103 &#8211; LISTA factorilor de risc\u00a0\u00a0 Descarc\u0103 &#8211; FI\u015eA de solicitare a examenului medical Descarc\u0103 &#8211; FI\u0218A de evaluare a factorilor de risc profesional Descarc\u0103 &#8211; LISTA nominal\u0103 Descarc\u0103 &#8211; DOSAR MEDICAL Descarc\u0103 &#8211; FI\u015eA DE APTITUDINE \u00ceN MUNC\u0102 Descarc\u0103 &#8211; ACTUL FINAL\" \/>\n<meta property=\"og:url\" content=\"https:\/\/medicinamuncii.md\/?page_id=163\" \/>\n<meta property=\"og:site_name\" content=\"Medicina Muncii\" \/>\n<meta property=\"article:modified_time\" content=\"2026-01-17T12:00:53+00:00\" \/>\n<meta property=\"og:image\" content=\"https:\/\/medicinamuncii.md\/wp-content\/uploads\/2024\/11\/acte.jpg\" \/>\n\t<meta property=\"og:image:width\" content=\"1280\" \/>\n\t<meta property=\"og:image:height\" content=\"721\" \/>\n\t<meta property=\"og:image:type\" content=\"image\/jpeg\" \/>\n<meta name=\"twitter:card\" content=\"summary_large_image\" \/>\n<meta name=\"twitter:label1\" content=\"Timp estimat pentru citire\" \/>\n\t<meta name=\"twitter:data1\" content=\"1 minut\" \/>\n<script type=\"application\/ld+json\" class=\"yoast-schema-graph\">{\"@context\":\"https:\\\/\\\/schema.org\",\"@graph\":[{\"@type\":\"WebPage\",\"@id\":\"https:\\\/\\\/medicinamuncii.md\\\/?page_id=163\",\"url\":\"https:\\\/\\\/medicinamuncii.md\\\/?page_id=163\",\"name\":\"Linkuri utile medicina ocupa\u021bionala - Medicina Muncii\",\"isPartOf\":{\"@id\":\"https:\\\/\\\/medicinamuncii.md\\\/#website\"},\"primaryImageOfPage\":{\"@id\":\"https:\\\/\\\/medicinamuncii.md\\\/?page_id=163#primaryimage\"},\"image\":{\"@id\":\"https:\\\/\\\/medicinamuncii.md\\\/?page_id=163#primaryimage\"},\"thumbnailUrl\":\"https:\\\/\\\/medicinamuncii.md\\\/wp-content\\\/uploads\\\/2024\\\/11\\\/acte-300x169.jpg\",\"datePublished\":\"2022-04-28T11:08:28+00:00\",\"dateModified\":\"2026-01-17T12:00:53+00:00\",\"breadcrumb\":{\"@id\":\"https:\\\/\\\/medicinamuncii.md\\\/?page_id=163#breadcrumb\"},\"inLanguage\":\"ro-RO\",\"potentialAction\":[{\"@type\":\"ReadAction\",\"target\":[\"https:\\\/\\\/medicinamuncii.md\\\/?page_id=163\"]}]},{\"@type\":\"ImageObject\",\"inLanguage\":\"ro-RO\",\"@id\":\"https:\\\/\\\/medicinamuncii.md\\\/?page_id=163#primaryimage\",\"url\":\"https:\\\/\\\/medicinamuncii.md\\\/wp-content\\\/uploads\\\/2024\\\/11\\\/acte.jpg\",\"contentUrl\":\"https:\\\/\\\/medicinamuncii.md\\\/wp-content\\\/uploads\\\/2024\\\/11\\\/acte.jpg\",\"width\":1280,\"height\":721},{\"@type\":\"BreadcrumbList\",\"@id\":\"https:\\\/\\\/medicinamuncii.md\\\/?page_id=163#breadcrumb\",\"itemListElement\":[{\"@type\":\"ListItem\",\"position\":1,\"name\":\"Prima pagin\u0103\",\"item\":\"https:\\\/\\\/medicinamuncii.md\\\/\"},{\"@type\":\"ListItem\",\"position\":2,\"name\":\"Linkuri utile medicina ocupa\u021bionala\"}]},{\"@type\":\"WebSite\",\"@id\":\"https:\\\/\\\/medicinamuncii.md\\\/#website\",\"url\":\"https:\\\/\\\/medicinamuncii.md\\\/\",\"name\":\"Medicina Muncii\",\"description\":\"Fiecare este responsabil pentru siguran\u021ba la locul de munc\u0103 ... chiar \u0219i tu!\",\"potentialAction\":[{\"@type\":\"SearchAction\",\"target\":{\"@type\":\"EntryPoint\",\"urlTemplate\":\"https:\\\/\\\/medicinamuncii.md\\\/?s={search_term_string}\"},\"query-input\":{\"@type\":\"PropertyValueSpecification\",\"valueRequired\":true,\"valueName\":\"search_term_string\"}}],\"inLanguage\":\"ro-RO\"}]}<\/script>\n<!-- \/ Yoast SEO plugin. -->","yoast_head_json":{"title":"Linkuri utile medicina ocupa\u021bionala - Medicina Muncii","robots":{"index":"index","follow":"follow","max-snippet":"max-snippet:-1","max-image-preview":"max-image-preview:large","max-video-preview":"max-video-preview:-1"},"canonical":"https:\/\/medicinamuncii.md\/?page_id=163","og_locale":"ro_RO","og_type":"article","og_title":"Linkuri utile medicina ocupa\u021bionala - Medicina Muncii","og_description":"HOT\u0102R\u00c2RE Nr. 1079 din 27-12-2023\u00a0 &#8211;\u00a0 Apas\u0103 LINK Descarc\u0103 &#8211; LISTA factorilor de risc\u00a0\u00a0 Descarc\u0103 &#8211; FI\u015eA de solicitare a examenului medical Descarc\u0103 &#8211; FI\u0218A de evaluare a factorilor de risc profesional Descarc\u0103 &#8211; LISTA nominal\u0103 Descarc\u0103 &#8211; DOSAR MEDICAL Descarc\u0103 &#8211; FI\u015eA DE APTITUDINE \u00ceN MUNC\u0102 Descarc\u0103 &#8211; ACTUL FINAL","og_url":"https:\/\/medicinamuncii.md\/?page_id=163","og_site_name":"Medicina Muncii","article_modified_time":"2026-01-17T12:00:53+00:00","og_image":[{"width":1280,"height":721,"url":"https:\/\/medicinamuncii.md\/wp-content\/uploads\/2024\/11\/acte.jpg","type":"image\/jpeg"}],"twitter_card":"summary_large_image","twitter_misc":{"Timp estimat pentru citire":"1 minut"},"schema":{"@context":"https:\/\/schema.org","@graph":[{"@type":"WebPage","@id":"https:\/\/medicinamuncii.md\/?page_id=163","url":"https:\/\/medicinamuncii.md\/?page_id=163","name":"Linkuri utile medicina ocupa\u021bionala - Medicina Muncii","isPartOf":{"@id":"https:\/\/medicinamuncii.md\/#website"},"primaryImageOfPage":{"@id":"https:\/\/medicinamuncii.md\/?page_id=163#primaryimage"},"image":{"@id":"https:\/\/medicinamuncii.md\/?page_id=163#primaryimage"},"thumbnailUrl":"https:\/\/medicinamuncii.md\/wp-content\/uploads\/2024\/11\/acte-300x169.jpg","datePublished":"2022-04-28T11:08:28+00:00","dateModified":"2026-01-17T12:00:53+00:00","breadcrumb":{"@id":"https:\/\/medicinamuncii.md\/?page_id=163#breadcrumb"},"inLanguage":"ro-RO","potentialAction":[{"@type":"ReadAction","target":["https:\/\/medicinamuncii.md\/?page_id=163"]}]},{"@type":"ImageObject","inLanguage":"ro-RO","@id":"https:\/\/medicinamuncii.md\/?page_id=163#primaryimage","url":"https:\/\/medicinamuncii.md\/wp-content\/uploads\/2024\/11\/acte.jpg","contentUrl":"https:\/\/medicinamuncii.md\/wp-content\/uploads\/2024\/11\/acte.jpg","width":1280,"height":721},{"@type":"BreadcrumbList","@id":"https:\/\/medicinamuncii.md\/?page_id=163#breadcrumb","itemListElement":[{"@type":"ListItem","position":1,"name":"Prima pagin\u0103","item":"https:\/\/medicinamuncii.md\/"},{"@type":"ListItem","position":2,"name":"Linkuri utile medicina ocupa\u021bionala"}]},{"@type":"WebSite","@id":"https:\/\/medicinamuncii.md\/#website","url":"https:\/\/medicinamuncii.md\/","name":"Medicina Muncii","description":"Fiecare este responsabil pentru siguran\u021ba la locul de munc\u0103 ... chiar \u0219i tu!","potentialAction":[{"@type":"SearchAction","target":{"@type":"EntryPoint","urlTemplate":"https:\/\/medicinamuncii.md\/?s={search_term_string}"},"query-input":{"@type":"PropertyValueSpecification","valueRequired":true,"valueName":"search_term_string"}}],"inLanguage":"ro-RO"}]}},"jetpack_sharing_enabled":true,"_links":{"self":[{"href":"https:\/\/medicinamuncii.md\/index.php?rest_route=\/wp\/v2\/pages\/163","targetHints":{"allow":["GET"]}}],"collection":[{"href":"https:\/\/medicinamuncii.md\/index.php?rest_route=\/wp\/v2\/pages"}],"about":[{"href":"https:\/\/medicinamuncii.md\/index.php?rest_route=\/wp\/v2\/types\/page"}],"author":[{"embeddable":true,"href":"https:\/\/medicinamuncii.md\/index.php?rest_route=\/wp\/v2\/users\/1"}],"replies":[{"embeddable":true,"href":"https:\/\/medicinamuncii.md\/index.php?rest_route=%2Fwp%2Fv2%2Fcomments&post=163"}],"version-history":[{"count":6,"href":"https:\/\/medicinamuncii.md\/index.php?rest_route=\/wp\/v2\/pages\/163\/revisions"}],"predecessor-version":[{"id":226,"href":"https:\/\/medicinamuncii.md\/index.php?rest_route=\/wp\/v2\/pages\/163\/revisions\/226"}],"wp:attachment":[{"href":"https:\/\/medicinamuncii.md\/index.php?rest_route=%2Fwp%2Fv2%2Fmedia&parent=163"}],"curies":[{"name":"wp","href":"https:\/\/api.w.org\/{rel}","templated":true}]}}